{"id":1853,"date":"2022-08-24T18:11:46","date_gmt":"2022-08-24T16:11:46","guid":{"rendered":"https:\/\/amadeus.immo\/impronta\/"},"modified":"2022-11-29T12:24:31","modified_gmt":"2022-11-29T11:24:31","slug":"impronta","status":"publish","type":"page","link":"https:\/\/amadeus.immo\/it\/impronta\/","title":{"rendered":"Impronta"},"content":{"rendered":"\n<p>Indirizzo:<br\/>Amadeus GmbH\/Srl<br\/>Zona artigianale 2<br\/>39010 V\u00f6ran<br\/>Rappresentati dagli amministratori delegati:<br\/>Jonas Hafner<\/p>\n\n<p><br\/>Contatto<br\/>Telefono: +39 0473 238030<br\/>E-mail: info@amadeus.immo<\/p>\n\n<p><br\/>ID IVA<br\/>IT 01643940214<\/p>\n\n<p><br\/>Risoluzione delle controversie<br\/>La Commissione europea offre una piattaforma per la risoluzione delle controversie online (ODR):<br\/>https:\/\/ec.europa.eu\/consumers\/odr.<\/p>\n\n<p><br\/>Il nostro indirizzo e-mail \u00e8 riportato nel riquadro in alto.<br\/>Non siamo disposti o obbligati a partecipare a procedure di risoluzione delle controversie davanti a un collegio arbitrale dei consumatori.<\/p>\n\n<p><strong>Titolare del trattamento dei dati personali (Privacy)<\/strong><br\/>Il titolare del trattamento dei dati personali derivanti dall&#8217;accesso e dall&#8217;utilizzo del sito web \u00e8 Amadeus S.r.l., con sede legale in Handwerkerzone 2, 39010 V\u00f6ran. Il responsabile della protezione dei dati \u00e8 Hafner Jonas. I dati da Lei forniti saranno utilizzati esclusivamente per evadere la Sua richiesta e non saranno comunicati a terzi (ai sensi dell&#8217;art. 13 della legge n. 196 del 30.06.2003 e successive modifiche in materia di trattamento dei dati personali). Prendiamo le distanze da qualsiasi pubblicit\u00e0 spam e ci sforziamo di evitare e-mail indesiderate e inutili.<\/p>\n\n<p><strong>Google Analytics<\/strong><br\/>Questo sito web utilizza Google Analytics, un servizio di analisi web fornito da Google, Inc. (&#8220;Google&#8221;). Google Analytics utilizza i cosiddetti &#8220;cookie&#8221;, file di testo che vengono depositati sul vostro computer per consentire al sito web di analizzare come gli utenti utilizzano il sito. Le informazioni generate dal cookie sull&#8217;utilizzo di questo sito web da parte dell&#8217;utente (compreso il suo indirizzo IP) verranno trasmesse e memorizzate da Google su un server negli Stati Uniti. Google utilizzer\u00e0 queste informazioni per valutare l&#8217;utilizzo del sito web da parte dell&#8217;utente, per compilare report sulle attivit\u00e0 del sito web per gli operatori del sito e per fornire altri servizi relativi alle attivit\u00e0 del sito web e all&#8217;utilizzo di Internet.<br\/>Google pu\u00f2 anche trasferire queste informazioni a terzi, se ci\u00f2 \u00e8 richiesto dalla legge o se tali terzi elaborano le informazioni per conto di Google. Google non assocer\u00e0 il vostro indirizzo IP a nessun altro dato posseduto da Google. L&#8217;utente pu\u00f2 rifiutare l&#8217;uso dei cookie selezionando l&#8217;impostazione appropriata sul proprio browser, ma si prega di notare che in tal caso potrebbe non essere in grado di utilizzare tutte le funzionalit\u00e0 di questo sito web. Utilizzando il presente sito web, acconsentite al trattamento dei vostri dati da parte di Google per le modalit\u00e0 e i fini sopraindicati.<br\/>\u00c8 possibile opporsi alla raccolta dei dati utilizzando un plugin del browser di Google. Il plug-in pu\u00f2 essere scaricato dal seguente link: https:\/\/tools.google.com\/dlpage\/gaoptout?hl=de<\/p>\n\n<p><strong>Copyright<\/strong><br\/>Il layout del sito web, la grafica utilizzata e i contenuti del sito web di Amadeus GmbH sono protetti da copyright. La riproduzione delle informazioni, in particolare l&#8217;utilizzo di testi, parti di testi o immagini, richiede il preventivo consenso scritto di Amadeus GmbH. Questo sito web \u00e8 fornito da Amadeus GmbH. Hafner Jonas si impegna a rispettare i diritti d&#8217;autore applicabili a tutte le pubblicazioni. In caso di violazione del diritto d&#8217;autore, Hafner Jonas rimuover\u00e0 l&#8217;oggetto in questione dalla sua pubblicazione dopo averne ricevuto notifica o lo contrassegner\u00e0 con il relativo copyright.<\/p>\n","protected":false},"excerpt":{"rendered":"<p>Indirizzo:Amadeus GmbH\/SrlZona artigianale 239010 V\u00f6ranRappresentati dagli amministratori delegati:Jonas Hafner ContattoTelefono: +39 0473 238030E-mail: info@amadeus.immo ID IVAIT 01643940214 Risoluzione delle controversieLa Commissione europea offre una piattaforma per la risoluzione delle controversie online (ODR):https:\/\/ec.europa.eu\/consumers\/odr. Il nostro indirizzo e-mail \u00e8 riportato nel riquadro in alto.Non siamo disposti o obbligati a partecipare a procedure di risoluzione delle controversie davanti [&hellip;]<\/p>\n","protected":false},"author":1,"featured_media":0,"parent":0,"menu_order":20,"comment_status":"closed","ping_status":"closed","template":"","meta":{"footnotes":""},"categories":[],"class_list":["post-1853","page","type-page","status-publish","hentry"],"_links":{"self":[{"href":"https:\/\/amadeus.immo\/it\/wp-json\/wp\/v2\/pages\/1853","targetHints":{"allow":["GET"]}}],"collection":[{"href":"https:\/\/amadeus.immo\/it\/wp-json\/wp\/v2\/pages"}],"about":[{"href":"https:\/\/amadeus.immo\/it\/wp-json\/wp\/v2\/types\/page"}],"author":[{"embeddable":true,"href":"https:\/\/amadeus.immo\/it\/wp-json\/wp\/v2\/users\/1"}],"replies":[{"embeddable":true,"href":"https:\/\/amadeus.immo\/it\/wp-json\/wp\/v2\/comments?post=1853"}],"version-history":[{"count":0,"href":"https:\/\/amadeus.immo\/it\/wp-json\/wp\/v2\/pages\/1853\/revisions"}],"wp:attachment":[{"href":"https:\/\/amadeus.immo\/it\/wp-json\/wp\/v2\/media?parent=1853"}],"wp:term":[{"taxonomy":"category","embeddable":true,"href":"https:\/\/amadeus.immo\/it\/wp-json\/wp\/v2\/categories?post=1853"}],"curies":[{"name":"wp","href":"https:\/\/api.w.org\/{rel}","templated":true}]}}